{"id":92241,"date":"2026-01-23T02:42:02","date_gmt":"2026-01-23T02:42:02","guid":{"rendered":"https:\/\/mobiletoilets4hire.co.za\/?post_type=product&#038;p=92241"},"modified":"2026-01-23T02:42:52","modified_gmt":"2026-01-23T02:42:52","slug":"bedpan-adult-stainless-steel-4","status":"publish","type":"product","link":"https:\/\/mobiletoilets4hire.co.za\/?product=bedpan-adult-stainless-steel-4","title":{"rendered":"Bedpan Adult -Stainless Steel"},"content":{"rendered":"<h3>Bedpan Adult \u2013 Stainless Steel<\/h3>\n<p>Bedpan Adult \u2013 Stainless Steel<\/p>\n<p>Premium grade stainless steel hospital utensils and medical equipment that meets the most exacting requirements of medical and healthcare professionals worldwide. Manufactured using seamless technology which eliminates areas which harbour bacteria growth.<\/p>\n<p>The medical-grade stainless steel is a highly corrosion and rust-resistant alloy. The metal is extremely strong and durable and, more importantly, has a characteristic ability to form protective layers.<\/p>\n<p><a href=\"https:\/\/afrimedics.co.za\/product\/bedpan-adult-_-stainless-steel\/\"><img decoding=\"async\" src=\"https:\/\/varfra.com\/eqnew\/CM005_comodo_para_adulto_equipo_medico.png\" alt=\"C\u00f3modo Para Adulto Detalles de Producto - Venta de Equipo M\u00e9dico - Todo en Equipo M\u00e9dico\"><\/a><\/p>\n","protected":false},"excerpt":{"rendered":"<p>&nbsp;<\/p>\n<p>_<\/p>\n","protected":false},"featured_media":92275,"template":"","meta":{"content-type":""},"product_brand":[],"product_cat":[8819],"product_tag":[29251],"class_list":{"0":"post-92241","1":"product","2":"type-product","3":"status-publish","4":"has-post-thumbnail","6":"product_cat-miscellaneous","7":"product_tag-miscellaneous","9":"first","10":"instock","11":"taxable","12":"shipping-taxable","13":"purchasable","14":"product-type-simple"},"_links":{"self":[{"href":"https:\/\/mobiletoilets4hire.co.za\/index.php?rest_route=\/wp\/v2\/product\/92241","targetHints":{"allow":["GET"]}}],"collection":[{"href":"https:\/\/mobiletoilets4hire.co.za\/index.php?rest_route=\/wp\/v2\/product"}],"about":[{"href":"https:\/\/mobiletoilets4hire.co.za\/index.php?rest_route=\/wp\/v2\/types\/product"}],"wp:featuredmedia":[{"embeddable":true,"href":"https:\/\/mobiletoilets4hire.co.za\/index.php?rest_route=\/wp\/v2\/media\/92275"}],"wp:attachment":[{"href":"https:\/\/mobiletoilets4hire.co.za\/index.php?rest_route=%2Fwp%2Fv2%2Fmedia&parent=92241"}],"wp:term":[{"taxonomy":"product_brand","embeddable":true,"href":"https:\/\/mobiletoilets4hire.co.za\/index.php?rest_route=%2Fwp%2Fv2%2Fproduct_brand&post=92241"},{"taxonomy":"product_cat","embeddable":true,"href":"https:\/\/mobiletoilets4hire.co.za\/index.php?rest_route=%2Fwp%2Fv2%2Fproduct_cat&post=92241"},{"taxonomy":"product_tag","embeddable":true,"href":"https:\/\/mobiletoilets4hire.co.za\/index.php?rest_route=%2Fwp%2Fv2%2Fproduct_tag&post=92241"}],"curies":[{"name":"wp","href":"https:\/\/api.w.org\/{rel}","templated":true}]}}